{"id":57,"date":"2019-09-27T15:46:59","date_gmt":"2019-09-27T13:46:59","guid":{"rendered":"http:\/\/les-roseaux.fr\/?page_id=57"},"modified":"2023-11-24T14:50:23","modified_gmt":"2023-11-24T13:50:23","slug":"accueil-membres","status":"publish","type":"page","link":"https:\/\/les-roseaux.fr\/index.php\/accueil-membres\/","title":{"rendered":"Accueil membres"},"content":{"rendered":"\n<h2>\n\t\tLes nouvelles\n\t<\/h2>\n\t\n\n<h2>\n\t\tCalendrier\n\t<\/h2>\n\t\n\n\t<div class=\"simcal-calendar simcal-default-calendar simcal-default-calendar-list simcal-default-calendar-light\" data-calendar-id=\"288\" data-timezone=\"Europe\/Paris\" data-offset=\"7200\" data-week-start=\"1\" data-calendar-start=\"1777586400\" data-calendar-end=\"1777586400\" data-events-first=\"0\" data-events-last=\"0\"><div class=\"simcal-calendar-list simcal-calendar-list-compact\"><dl class=\"simcal-events-list-container\" data-prev=\"1777500000\" data-next=\"1777672800\" data-heading-small=\"2026, 01 Mai\" data-heading-large=\"1 mai 2026\">\t<p>Rien de 30 avril 2026 \u00e0 1 mai 2026.\t<\/p>\n<\/dl><div class=\"simcal-ajax-loader simcal-spinner-top\" style=\"display: none;\"><i class=\"simcal-icon-spinner simcal-icon-spin\"><\/i><\/div><\/div><\/div>\n<h2>\n\t\tAffaires courantes\n\t<\/h2>\n\t<p>Signaler une absence<\/p>\n<p>Annuler un repas<\/p>\n\n\n<h2>\n\t\tRepas\n\t<\/h2>\n\t<p>Annuler un repas<\/p>\n\n<p>Proc\u00e9dure pour les repas maison<\/p>\n<p>G\u00e2teaux d&#8217;anniversaires<\/p>\n<p>Go\u00fbters<\/p>\n<p>&nbsp;<\/p>\n<h2>\n\t\tR\u00e8gles\n\t<\/h2>\n\t\n\n<h2>\n\t\tB\u00e9n\u00e9volat\n\t<\/h2>\n\t<p>Participer au fonctionnement<\/p>\n\n<p>Les heures de b\u00e9n\u00e9volat<\/p>\n\n<p>La ristourne<\/p>\n<p>&nbsp;<\/p>\n<h2>\n\t\tFinances\n\t<\/h2>\n\t<p>La facturation<\/p>\n<p>R\u00e9gler ses factures<\/p>\n\n<p>&nbsp;<\/p>\n<h2>\n\t\tM\u00e9nage\n\t<\/h2>\n\t<p>Le mat\u00e9riel<\/p>\n<p>Les r\u00e8gles<\/p>\n<p>Les checklists de m\u00e9nage<\/p>\n<h2>\n\t\tAbsences\n\t<\/h2>\n\t\n<p>Les justifications d&#8217;absence<\/p>\n<p>Ce qui est rembours\u00e9, ce qui ne l&#8217;est pas<\/p>\n<p>Les maladies qui imposent de rester \u00e0 la maison<\/p>\n<h2>\n\t\tLa for\u00eat\n\t<\/h2>\n\t<p>Le mat\u00e9riel<\/p>\n<p>Les r\u00e8gles<\/p>\n<p>&nbsp;<\/p>\n<h2>\n\t\tDivers\n\t<\/h2>\n\t<p>Les bons plans<\/p>\n<p>La mailing-list : fonctionnement<\/p>\n<p>Les diff\u00e9rents outils \u00e9lectroniques<\/p>\n<p>&nbsp;<\/p>\n\n","protected":false},"excerpt":{"rendered":"<p>Les nouvelles Calendrier Affaires courantes Signaler une absence Annuler un repas Repas Annuler un repas Proc\u00e9dure pour les repas maison G\u00e2teaux d&#8217;anniversaires Go\u00fbters &nbsp; R\u00e8gles B\u00e9n\u00e9volat Participer au fonctionnement Les heures de b\u00e9n\u00e9volat La ristourne &nbsp; Finances La facturation R\u00e9gler ses factures &nbsp; M\u00e9nage Le mat\u00e9riel Les r\u00e8gles Les checklists de m\u00e9nage Absences Les justifications &#8230; <a title=\"Accueil membres\" class=\"read-more\" href=\"https:\/\/les-roseaux.fr\/index.php\/accueil-membres\/\">Read more<\/a><\/p>\n","protected":false},"author":2,"featured_media":0,"parent":0,"menu_order":0,"comment_status":"closed","ping_status":"closed","template":"","meta":{"_bbp_topic_count":0,"_bbp_reply_count":0,"_bbp_total_topic_count":0,"_bbp_total_reply_count":0,"_bbp_voice_count":0,"_bbp_anonymous_reply_count":0,"_bbp_topic_count_hidden":0,"_bbp_reply_count_hidden":0,"_bbp_forum_subforum_count":0,"footnotes":""},"yoast_head":"<!-- This site is optimized with the Yoast SEO plugin v23.5 - https:\/\/yoast.com\/wordpress\/plugins\/seo\/ -->\n<title>Accueil membres - Les Roseaux<\/title>\n<meta name=\"robots\" content=\"index, follow, max-snippet:-1, max-image-preview:large, max-video-preview:-1\" \/>\n<link rel=\"canonical\" href=\"https:\/\/les-roseaux.fr\/index.php\/accueil-membres\/\" \/>\n<meta property=\"og:locale\" content=\"fr_FR\" \/>\n<meta property=\"og:type\" content=\"article\" \/>\n<meta property=\"og:title\" content=\"Accueil membres - Les Roseaux\" \/>\n<meta property=\"og:description\" content=\"Les nouvelles Calendrier Affaires courantes Signaler une absence Annuler un repas Repas Annuler un repas Proc\u00e9dure pour les repas maison G\u00e2teaux d&#8217;anniversaires Go\u00fbters &nbsp; R\u00e8gles B\u00e9n\u00e9volat Participer au fonctionnement Les heures de b\u00e9n\u00e9volat La ristourne &nbsp; Finances La facturation R\u00e9gler ses factures &nbsp; M\u00e9nage Le mat\u00e9riel Les r\u00e8gles Les checklists de m\u00e9nage Absences Les justifications ... Read more\" \/>\n<meta property=\"og:url\" content=\"https:\/\/les-roseaux.fr\/index.php\/accueil-membres\/\" \/>\n<meta property=\"og:site_name\" content=\"Les Roseaux\" \/>\n<meta property=\"article:publisher\" content=\"https:\/\/www.facebook.com\/ecoleLesRoseaux\/\" \/>\n<meta property=\"article:modified_time\" content=\"2023-11-24T13:50:23+00:00\" \/>\n<meta property=\"og:image\" content=\"https:\/\/les-roseaux.fr\/wp-content\/uploads\/2019\/09\/Roseaux_600_300.png\" \/>\n\t<meta property=\"og:image:width\" content=\"600\" \/>\n\t<meta property=\"og:image:height\" content=\"300\" \/>\n\t<meta property=\"og:image:type\" content=\"image\/png\" \/>\n<meta name=\"twitter:card\" content=\"summary_large_image\" \/>\n<meta name=\"twitter:label1\" content=\"Dur\u00e9e de lecture estim\u00e9e\" \/>\n\t<meta name=\"twitter:data1\" content=\"1 minute\" \/>\n<script type=\"application\/ld+json\" class=\"yoast-schema-graph\">{\"@context\":\"https:\/\/schema.org\",\"@graph\":[{\"@type\":\"WebPage\",\"@id\":\"https:\/\/les-roseaux.fr\/index.php\/accueil-membres\/\",\"url\":\"https:\/\/les-roseaux.fr\/index.php\/accueil-membres\/\",\"name\":\"Accueil membres - Les Roseaux\",\"isPartOf\":{\"@id\":\"https:\/\/les-roseaux.fr\/#website\"},\"datePublished\":\"2019-09-27T13:46:59+00:00\",\"dateModified\":\"2023-11-24T13:50:23+00:00\",\"breadcrumb\":{\"@id\":\"https:\/\/les-roseaux.fr\/index.php\/accueil-membres\/#breadcrumb\"},\"inLanguage\":\"fr-FR\",\"potentialAction\":[{\"@type\":\"ReadAction\",\"target\":[\"https:\/\/les-roseaux.fr\/index.php\/accueil-membres\/\"]}]},{\"@type\":\"BreadcrumbList\",\"@id\":\"https:\/\/les-roseaux.fr\/index.php\/accueil-membres\/#breadcrumb\",\"itemListElement\":[{\"@type\":\"ListItem\",\"position\":1,\"name\":\"Accueil\",\"item\":\"https:\/\/les-roseaux.fr\/\"},{\"@type\":\"ListItem\",\"position\":2,\"name\":\"Accueil membres\"}]},{\"@type\":\"WebSite\",\"@id\":\"https:\/\/les-roseaux.fr\/#website\",\"url\":\"https:\/\/les-roseaux.fr\/\",\"name\":\"Les Roseaux\",\"description\":\"Ecole alternative d&#039;inspiration Montessori\",\"publisher\":{\"@id\":\"https:\/\/les-roseaux.fr\/#organization\"},\"potentialAction\":[{\"@type\":\"SearchAction\",\"target\":{\"@type\":\"EntryPoint\",\"urlTemplate\":\"https:\/\/les-roseaux.fr\/?s={search_term_string}\"},\"query-input\":{\"@type\":\"PropertyValueSpecification\",\"valueRequired\":true,\"valueName\":\"search_term_string\"}}],\"inLanguage\":\"fr-FR\"},{\"@type\":\"Organization\",\"@id\":\"https:\/\/les-roseaux.fr\/#organization\",\"name\":\"Les roseaux\",\"url\":\"https:\/\/les-roseaux.fr\/\",\"logo\":{\"@type\":\"ImageObject\",\"inLanguage\":\"fr-FR\",\"@id\":\"https:\/\/les-roseaux.fr\/#\/schema\/logo\/image\/\",\"url\":\"http:\/\/les-roseaux.fr\/wp-content\/uploads\/2024\/01\/logo.png\",\"contentUrl\":\"http:\/\/les-roseaux.fr\/wp-content\/uploads\/2024\/01\/logo.png\",\"width\":768,\"height\":388,\"caption\":\"Les roseaux\"},\"image\":{\"@id\":\"https:\/\/les-roseaux.fr\/#\/schema\/logo\/image\/\"},\"sameAs\":[\"https:\/\/www.facebook.com\/ecoleLesRoseaux\/\",\"https:\/\/www.instagram.com\/ecole_les_roseaux\"]}]}<\/script>\n<!-- \/ Yoast SEO plugin. -->","yoast_head_json":{"title":"Accueil membres - Les Roseaux","robots":{"index":"index","follow":"follow","max-snippet":"max-snippet:-1","max-image-preview":"max-image-preview:large","max-video-preview":"max-video-preview:-1"},"canonical":"https:\/\/les-roseaux.fr\/index.php\/accueil-membres\/","og_locale":"fr_FR","og_type":"article","og_title":"Accueil membres - Les Roseaux","og_description":"Les nouvelles Calendrier Affaires courantes Signaler une absence Annuler un repas Repas Annuler un repas Proc\u00e9dure pour les repas maison G\u00e2teaux d&#8217;anniversaires Go\u00fbters &nbsp; R\u00e8gles B\u00e9n\u00e9volat Participer au fonctionnement Les heures de b\u00e9n\u00e9volat La ristourne &nbsp; Finances La facturation R\u00e9gler ses factures &nbsp; M\u00e9nage Le mat\u00e9riel Les r\u00e8gles Les checklists de m\u00e9nage Absences Les justifications ... Read more","og_url":"https:\/\/les-roseaux.fr\/index.php\/accueil-membres\/","og_site_name":"Les Roseaux","article_publisher":"https:\/\/www.facebook.com\/ecoleLesRoseaux\/","article_modified_time":"2023-11-24T13:50:23+00:00","og_image":[{"width":600,"height":300,"url":"https:\/\/les-roseaux.fr\/wp-content\/uploads\/2019\/09\/Roseaux_600_300.png","type":"image\/png"}],"twitter_card":"summary_large_image","twitter_misc":{"Dur\u00e9e de lecture estim\u00e9e":"1 minute"},"schema":{"@context":"https:\/\/schema.org","@graph":[{"@type":"WebPage","@id":"https:\/\/les-roseaux.fr\/index.php\/accueil-membres\/","url":"https:\/\/les-roseaux.fr\/index.php\/accueil-membres\/","name":"Accueil membres - Les Roseaux","isPartOf":{"@id":"https:\/\/les-roseaux.fr\/#website"},"datePublished":"2019-09-27T13:46:59+00:00","dateModified":"2023-11-24T13:50:23+00:00","breadcrumb":{"@id":"https:\/\/les-roseaux.fr\/index.php\/accueil-membres\/#breadcrumb"},"inLanguage":"fr-FR","potentialAction":[{"@type":"ReadAction","target":["https:\/\/les-roseaux.fr\/index.php\/accueil-membres\/"]}]},{"@type":"BreadcrumbList","@id":"https:\/\/les-roseaux.fr\/index.php\/accueil-membres\/#breadcrumb","itemListElement":[{"@type":"ListItem","position":1,"name":"Accueil","item":"https:\/\/les-roseaux.fr\/"},{"@type":"ListItem","position":2,"name":"Accueil membres"}]},{"@type":"WebSite","@id":"https:\/\/les-roseaux.fr\/#website","url":"https:\/\/les-roseaux.fr\/","name":"Les Roseaux","description":"Ecole alternative d&#039;inspiration Montessori","publisher":{"@id":"https:\/\/les-roseaux.fr\/#organization"},"potentialAction":[{"@type":"SearchAction","target":{"@type":"EntryPoint","urlTemplate":"https:\/\/les-roseaux.fr\/?s={search_term_string}"},"query-input":{"@type":"PropertyValueSpecification","valueRequired":true,"valueName":"search_term_string"}}],"inLanguage":"fr-FR"},{"@type":"Organization","@id":"https:\/\/les-roseaux.fr\/#organization","name":"Les roseaux","url":"https:\/\/les-roseaux.fr\/","logo":{"@type":"ImageObject","inLanguage":"fr-FR","@id":"https:\/\/les-roseaux.fr\/#\/schema\/logo\/image\/","url":"http:\/\/les-roseaux.fr\/wp-content\/uploads\/2024\/01\/logo.png","contentUrl":"http:\/\/les-roseaux.fr\/wp-content\/uploads\/2024\/01\/logo.png","width":768,"height":388,"caption":"Les roseaux"},"image":{"@id":"https:\/\/les-roseaux.fr\/#\/schema\/logo\/image\/"},"sameAs":["https:\/\/www.facebook.com\/ecoleLesRoseaux\/","https:\/\/www.instagram.com\/ecole_les_roseaux"]}]}},"_links":{"self":[{"href":"https:\/\/les-roseaux.fr\/index.php\/wp-json\/wp\/v2\/pages\/57"}],"collection":[{"href":"https:\/\/les-roseaux.fr\/index.php\/wp-json\/wp\/v2\/pages"}],"about":[{"href":"https:\/\/les-roseaux.fr\/index.php\/wp-json\/wp\/v2\/types\/page"}],"author":[{"embeddable":true,"href":"https:\/\/les-roseaux.fr\/index.php\/wp-json\/wp\/v2\/users\/2"}],"replies":[{"embeddable":true,"href":"https:\/\/les-roseaux.fr\/index.php\/wp-json\/wp\/v2\/comments?post=57"}],"version-history":[{"count":29,"href":"https:\/\/les-roseaux.fr\/index.php\/wp-json\/wp\/v2\/pages\/57\/revisions"}],"predecessor-version":[{"id":1230,"href":"https:\/\/les-roseaux.fr\/index.php\/wp-json\/wp\/v2\/pages\/57\/revisions\/1230"}],"wp:attachment":[{"href":"https:\/\/les-roseaux.fr\/index.php\/wp-json\/wp\/v2\/media?parent=57"}],"curies":[{"name":"wp","href":"https:\/\/api.w.org\/{rel}","templated":true}]}}