{"id":23,"date":"2019-09-27T14:24:24","date_gmt":"2019-09-27T12:24:24","guid":{"rendered":"http:\/\/les-roseaux.fr\/index.php\/members\/"},"modified":"2019-09-27T14:24:24","modified_gmt":"2019-09-27T12:24:24","slug":"members","status":"publish","type":"page","link":"https:\/\/les-roseaux.fr\/index.php\/members\/","title":{"rendered":"Membres"},"content":{"rendered":"<script type=\"text\/template\" id=\"tmpl-um-member-grid-tc1yx\">\n\t<div class=\"um-members um-members-grid\">\n\t\t<div class=\"um-gutter-sizer\"><\/div>\n\n\t\t<# if ( data.length > 0 ) { #>\n\t\t\t<# _.each( data, function( user, key, list ) { #>\n\n\t\t\t\t<div id=\"um-member-{{{user.card_anchor}}}-tc1yx\" class=\"um-member um-role-{{{user.role}}} {{{user.account_status}}} with-cover\">\n\n\t\t\t\t\t<span class=\"um-member-status {{{user.account_status}}}\">\n\t\t\t\t\t\t{{{user.account_status_name}}}\n\t\t\t\t\t<\/span>\n\n\t\t\t\t\t\t\t\t\t\t\t<div class=\"um-member-cover\" data-ratio=\"2.7:1\">\n\t\t\t\t\t\t\t<div class=\"um-member-cover-e\">\n\t\t\t\t\t\t\t\t<a href=\"{{{user.profile_url}}}\" title=\"<# if ( user.display_name ) { #>{{{user.display_name}}}<# } #>\">\n\t\t\t\t\t\t\t\t\t{{{user.cover_photo}}}\n\t\t\t\t\t\t\t\t<\/a>\n\t\t\t\t\t\t\t<\/div>\n\t\t\t\t\t\t<\/div>\n\t\t\t\t\t\t\t\t\t\t\t<div class=\"um-member-photo radius-1\">\n\t\t\t\t\t\t\t<a href=\"{{{user.profile_url}}}\" title=\"<# if ( user.display_name ) { #>{{{user.display_name}}}<# } #>\">\n\t\t\t\t\t\t\t\t{{{user.avatar}}}\n\t\t\t\t\t\t\t\t\t\t\t\t\t\t\t<\/a>\n\t\t\t\t\t\t<\/div>\n\t\t\t\t\t\n\n\t\t\t\t\t<div class=\"um-member-card \">\n\t\t\t\t\t\t\t\t\t\t\t\t\t<# if ( user.display_name_html ) { #>\n\t\t\t\t\t\t\t\t<div class=\"um-member-name\">\n\t\t\t\t\t\t\t\t\t<a href=\"{{{user.profile_url}}}\" title=\"{{{user.display_name}}}\">\n\t\t\t\t\t\t\t\t\t\t{{{user.display_name_html}}}\n\t\t\t\t\t\t\t\t\t<\/a>\n\t\t\t\t\t\t\t\t<\/div>\n\t\t\t\t\t\t\t<# } #>\n\t\t\t\t\t\t\t\t\t\t\t\t{{{user.hook_just_after_name}}}\n\n\n\t\t\t\t\t\t<# if ( user.can_edit ) { #>\n\t\t\t\t\t\t\t<div class=\"um-members-edit-btn\">\n\t\t\t\t\t\t\t\t<a href=\"{{{user.edit_profile_url}}}\" class=\"um-edit-profile-btn um-button um-alt\">\n\t\t\t\t\t\t\t\t\tModifier le profil\t\t\t\t\t\t\t\t<\/a>\n\t\t\t\t\t\t\t<\/div>\n\t\t\t\t\t\t<# } #>\n\n\n\t\t\t\t\t\t\t\t\t\t\t\t{{{user.hook_after_user_name}}}\n\n\n\t\t\t\t\t\t\n\t\t\t\t\t\t\t\t<# if ( typeof user['description'] !== 'undefined' ) { #>\n\t\t\t\t\t\t\t\t\t<div class=\"um-member-tagline um-member-tagline-description\"\n\t\t\t\t\t\t\t\t\t     data-key=\"description\">\n\t\t\t\t\t\t\t\t\t\t{{{user['description']}}}\n\t\t\t\t\t\t\t\t\t<\/div>\n\t\t\t\t\t\t\t\t<# } #>\n\n\t\t\t\t\t\t\t\n\t\t\t\t\t\t\t\t<# if ( typeof user['role_select'] !== 'undefined' ) { #>\n\t\t\t\t\t\t\t\t\t<div class=\"um-member-tagline um-member-tagline-role_select\"\n\t\t\t\t\t\t\t\t\t     data-key=\"role_select\">\n\t\t\t\t\t\t\t\t\t\t{{{user['role_select']}}}\n\t\t\t\t\t\t\t\t\t<\/div>\n\t\t\t\t\t\t\t\t<# } #>\n\n\t\t\t\t\t\t\t\n\t\t\t\t\t\t\t<# var $show_block = false; #>\n\n\t\t\t\t\t\t\t\t\t\t\t\t\t\t\t<# if ( ! $show_block ) { #>\n\t\t\t\t\t\t\t\t\t<# $show_block = user.social_urls #>\n\t\t\t\t\t\t\t\t<# } #>\n\t\t\t\t\t\t\t\n\t\t\t\t\t\t\t<# if ( $show_block ) { #>\n\t\t\t\t\t\t\t\t<div class=\"um-member-meta-main\">\n\n\t\t\t\t\t\t\t\t\t\n\t\t\t\t\t\t\t\t\t<div class=\"um-member-meta no-animate\">\n\n\t\t\t\t\t\t\t\t\t\t\t\t\t\t\t\t\t\t\t\t\t<div class=\"um-member-connect\">\n\t\t\t\t\t\t\t\t\t\t\t\t{{{user.social_urls}}}\n\t\t\t\t\t\t\t\t\t\t\t<\/div>\n\t\t\t\t\t\t\t\t\t\t\t\t\t\t\t\t\t\t\t<\/div>\n\n\t\t\t\t\t\t\t\t\t\t\t\t\t\t\t\t\t<\/div>\n\t\t\t\t\t\t\t<# } #>\n\t\t\t\t\t\t\n\t\t\t\t\t<\/div>\n\t\t\t\t<\/div>\n\n\t\t\t<# }); #>\n\t\t<# } else { #>\n\n\t\t\t<div class=\"um-members-none\">\n\t\t\t\t<p>Nous sommes d\u00e9sol\u00e9s. Nous ne pouvons pas trouver un\u00b7e utilisateur\u00b7rice qui r\u00e9pond \u00e0 vos crit\u00e8res de recherche.<\/p>\n\t\t\t<\/div>\n\n\t\t<# } #>\n\n\t\t<div class=\"um-clear\"><\/div>\n\t<\/div>\n<\/script>\n\n\n<script type=\"text\/template\" id=\"tmpl-um-members-header\">\n\t<div class=\"um-members-intro\">\n\t\t<div class=\"um-members-total\">\n\t\t\t<# if ( data.pagination.total_users == 1 ) { #>\n\t\t\t\t{{{data.pagination.header_single}}}\n\t\t\t<# } else if ( data.pagination.total_users > 1 ) { #>\n\t\t\t\t{{{data.pagination.header}}}\n\t\t\t<# } #>\n\t\t<\/div>\n\t<\/div>\n\n\t<div class=\"um-clear\"><\/div>\n<\/script>\n\n\n<script type=\"text\/template\" id=\"tmpl-um-members-pagination\">\n\t<# if ( data.pagination.pages_to_show.length > 0 ) { #>\n\t\t<div class=\"um-members-pagidrop uimob340-show uimob500-show\">\n\t\t\tAller \u00e0 la page\u00a0:\t\t\t<select class=\"um-s2 um-members-pagi-dropdown\" style=\"width: 100px;display:inline-block;\">\n\t\t\t\t<# _.each( data.pagination.pages_to_show, function( page, key, list ) { #>\n\t\t\t\t\t<option value=\"{{{page}}}\" <# if ( page == data.pagination.current_page ) { #>selected<# } #>>{{{page}}} sur {{{data.pagination.total_pages}}}<\/option>\n\t\t\t\t<# }); #>\n\t\t\t<\/select>\n\t\t<\/div>\n\n\t\t<div class=\"um-members-pagi uimob340-hide uimob500-hide\">\n\t\t\t<span class=\"pagi pagi-arrow <# if ( data.pagination.current_page == 1 ) { #>disabled<# } #>\" data-page=\"first\" aria-label=\"Premi\u00e8re page\"><i class=\"um-faicon-angle-double-left\"><\/i><\/span>\n\t\t\t<span class=\"pagi pagi-arrow <# if ( data.pagination.current_page == 1 ) { #>disabled<# } #>\" data-page=\"prev\" aria-label=\"Page pr\u00e9c\u00e9dente\"><i class=\"um-faicon-angle-left\"><\/i><\/span>\n\n\t\t\t<# _.each( data.pagination.pages_to_show, function( page, key, list ) { #>\n\t\t\t\t<span class=\"pagi <# if ( page == data.pagination.current_page ) { #>current<# } #>\" data-page=\"{{{page}}}\">{{{page}}}<\/span>\n\t\t\t<# }); #>\n\n\t\t\t<span class=\"pagi pagi-arrow <# if ( data.pagination.current_page == data.pagination.total_pages ) { #>disabled<# } #>\" data-page=\"next\" aria-label=\"Page suivante\"><i class=\"um-faicon-angle-right\"><\/i><\/span>\n\t\t\t<span class=\"pagi pagi-arrow <# if ( data.pagination.current_page == data.pagination.total_pages ) { #>disabled<# } #>\" data-page=\"last\" aria-label=\"Derni\u00e8re page\"><i class=\"um-faicon-angle-double-right\"><\/i><\/span>\n\t\t<\/div>\n\t<# } #>\n<\/script>\n\n<div class=\"um um-directory um-tc1yx\"\n\t data-hash=\"tc1yx\" data-base-post=\"23\"\n\t data-must-search=\"0\" data-searched=\"1\"\n\t data-view_type=\"grid\" data-page=\"1\"\n\t data-sorting=\"\">\n\t<div class=\"um-members-overlay\"><div class=\"um-ajax-loading\"><\/div><\/div>\n\n\t<div class=\"um-member-directory-header um-form\">\n\n\t\t\n\t\t\n\n\t\t\t<\/div>\n\n\t<div class=\"um-members-wrapper\"><\/div>\n\n\t<div class=\"um-members-pagination-box\"><\/div>\n\n\t\n<\/div>\n\n","protected":false},"excerpt":{"rendered":"","protected":false},"author":2,"featured_media":0,"parent":0,"menu_order":0,"comment_status":"closed","ping_status":"closed","template":"","meta":{"_bbp_topic_count":0,"_bbp_reply_count":0,"_bbp_total_topic_count":0,"_bbp_total_reply_count":0,"_bbp_voice_count":0,"_bbp_anonymous_reply_count":0,"_bbp_topic_count_hidden":0,"_bbp_reply_count_hidden":0,"_bbp_forum_subforum_count":0,"footnotes":""},"yoast_head":"<!-- This site is optimized with the Yoast SEO plugin v23.5 - https:\/\/yoast.com\/wordpress\/plugins\/seo\/ -->\n<title>Membres - Les Roseaux<\/title>\n<meta name=\"robots\" content=\"index, follow, max-snippet:-1, max-image-preview:large, max-video-preview:-1\" \/>\n<link rel=\"canonical\" href=\"https:\/\/les-roseaux.fr\/index.php\/members\/\" \/>\n<meta property=\"og:locale\" content=\"fr_FR\" \/>\n<meta property=\"og:type\" content=\"article\" \/>\n<meta property=\"og:title\" content=\"Membres - Les Roseaux\" \/>\n<meta property=\"og:url\" content=\"https:\/\/les-roseaux.fr\/index.php\/members\/\" \/>\n<meta property=\"og:site_name\" content=\"Les Roseaux\" \/>\n<meta property=\"article:publisher\" content=\"https:\/\/www.facebook.com\/ecoleLesRoseaux\/\" \/>\n<meta property=\"og:image\" content=\"https:\/\/les-roseaux.fr\/wp-content\/uploads\/2019\/09\/Roseaux_600_300.png\" \/>\n\t<meta property=\"og:image:width\" content=\"600\" \/>\n\t<meta property=\"og:image:height\" content=\"300\" \/>\n\t<meta property=\"og:image:type\" content=\"image\/png\" \/>\n<meta name=\"twitter:card\" content=\"summary_large_image\" \/>\n<script type=\"application\/ld+json\" class=\"yoast-schema-graph\">{\"@context\":\"https:\/\/schema.org\",\"@graph\":[{\"@type\":\"WebPage\",\"@id\":\"https:\/\/les-roseaux.fr\/index.php\/members\/\",\"url\":\"https:\/\/les-roseaux.fr\/index.php\/members\/\",\"name\":\"Membres - Les Roseaux\",\"isPartOf\":{\"@id\":\"https:\/\/les-roseaux.fr\/#website\"},\"datePublished\":\"2019-09-27T12:24:24+00:00\",\"dateModified\":\"2019-09-27T12:24:24+00:00\",\"breadcrumb\":{\"@id\":\"https:\/\/les-roseaux.fr\/index.php\/members\/#breadcrumb\"},\"inLanguage\":\"fr-FR\",\"potentialAction\":[{\"@type\":\"ReadAction\",\"target\":[\"https:\/\/les-roseaux.fr\/index.php\/members\/\"]}]},{\"@type\":\"BreadcrumbList\",\"@id\":\"https:\/\/les-roseaux.fr\/index.php\/members\/#breadcrumb\",\"itemListElement\":[{\"@type\":\"ListItem\",\"position\":1,\"name\":\"Accueil\",\"item\":\"https:\/\/les-roseaux.fr\/\"},{\"@type\":\"ListItem\",\"position\":2,\"name\":\"Membres\"}]},{\"@type\":\"WebSite\",\"@id\":\"https:\/\/les-roseaux.fr\/#website\",\"url\":\"https:\/\/les-roseaux.fr\/\",\"name\":\"Les Roseaux\",\"description\":\"Ecole alternative d&#039;inspiration Montessori\",\"publisher\":{\"@id\":\"https:\/\/les-roseaux.fr\/#organization\"},\"potentialAction\":[{\"@type\":\"SearchAction\",\"target\":{\"@type\":\"EntryPoint\",\"urlTemplate\":\"https:\/\/les-roseaux.fr\/?s={search_term_string}\"},\"query-input\":{\"@type\":\"PropertyValueSpecification\",\"valueRequired\":true,\"valueName\":\"search_term_string\"}}],\"inLanguage\":\"fr-FR\"},{\"@type\":\"Organization\",\"@id\":\"https:\/\/les-roseaux.fr\/#organization\",\"name\":\"Les roseaux\",\"url\":\"https:\/\/les-roseaux.fr\/\",\"logo\":{\"@type\":\"ImageObject\",\"inLanguage\":\"fr-FR\",\"@id\":\"https:\/\/les-roseaux.fr\/#\/schema\/logo\/image\/\",\"url\":\"http:\/\/les-roseaux.fr\/wp-content\/uploads\/2024\/01\/logo.png\",\"contentUrl\":\"http:\/\/les-roseaux.fr\/wp-content\/uploads\/2024\/01\/logo.png\",\"width\":768,\"height\":388,\"caption\":\"Les roseaux\"},\"image\":{\"@id\":\"https:\/\/les-roseaux.fr\/#\/schema\/logo\/image\/\"},\"sameAs\":[\"https:\/\/www.facebook.com\/ecoleLesRoseaux\/\",\"https:\/\/www.instagram.com\/ecole_les_roseaux\"]}]}<\/script>\n<!-- \/ Yoast SEO plugin. -->","yoast_head_json":{"title":"Membres - Les Roseaux","robots":{"index":"index","follow":"follow","max-snippet":"max-snippet:-1","max-image-preview":"max-image-preview:large","max-video-preview":"max-video-preview:-1"},"canonical":"https:\/\/les-roseaux.fr\/index.php\/members\/","og_locale":"fr_FR","og_type":"article","og_title":"Membres - Les Roseaux","og_url":"https:\/\/les-roseaux.fr\/index.php\/members\/","og_site_name":"Les Roseaux","article_publisher":"https:\/\/www.facebook.com\/ecoleLesRoseaux\/","og_image":[{"width":600,"height":300,"url":"https:\/\/les-roseaux.fr\/wp-content\/uploads\/2019\/09\/Roseaux_600_300.png","type":"image\/png"}],"twitter_card":"summary_large_image","schema":{"@context":"https:\/\/schema.org","@graph":[{"@type":"WebPage","@id":"https:\/\/les-roseaux.fr\/index.php\/members\/","url":"https:\/\/les-roseaux.fr\/index.php\/members\/","name":"Membres - Les Roseaux","isPartOf":{"@id":"https:\/\/les-roseaux.fr\/#website"},"datePublished":"2019-09-27T12:24:24+00:00","dateModified":"2019-09-27T12:24:24+00:00","breadcrumb":{"@id":"https:\/\/les-roseaux.fr\/index.php\/members\/#breadcrumb"},"inLanguage":"fr-FR","potentialAction":[{"@type":"ReadAction","target":["https:\/\/les-roseaux.fr\/index.php\/members\/"]}]},{"@type":"BreadcrumbList","@id":"https:\/\/les-roseaux.fr\/index.php\/members\/#breadcrumb","itemListElement":[{"@type":"ListItem","position":1,"name":"Accueil","item":"https:\/\/les-roseaux.fr\/"},{"@type":"ListItem","position":2,"name":"Membres"}]},{"@type":"WebSite","@id":"https:\/\/les-roseaux.fr\/#website","url":"https:\/\/les-roseaux.fr\/","name":"Les Roseaux","description":"Ecole alternative d&#039;inspiration Montessori","publisher":{"@id":"https:\/\/les-roseaux.fr\/#organization"},"potentialAction":[{"@type":"SearchAction","target":{"@type":"EntryPoint","urlTemplate":"https:\/\/les-roseaux.fr\/?s={search_term_string}"},"query-input":{"@type":"PropertyValueSpecification","valueRequired":true,"valueName":"search_term_string"}}],"inLanguage":"fr-FR"},{"@type":"Organization","@id":"https:\/\/les-roseaux.fr\/#organization","name":"Les roseaux","url":"https:\/\/les-roseaux.fr\/","logo":{"@type":"ImageObject","inLanguage":"fr-FR","@id":"https:\/\/les-roseaux.fr\/#\/schema\/logo\/image\/","url":"http:\/\/les-roseaux.fr\/wp-content\/uploads\/2024\/01\/logo.png","contentUrl":"http:\/\/les-roseaux.fr\/wp-content\/uploads\/2024\/01\/logo.png","width":768,"height":388,"caption":"Les roseaux"},"image":{"@id":"https:\/\/les-roseaux.fr\/#\/schema\/logo\/image\/"},"sameAs":["https:\/\/www.facebook.com\/ecoleLesRoseaux\/","https:\/\/www.instagram.com\/ecole_les_roseaux"]}]}},"_links":{"self":[{"href":"https:\/\/les-roseaux.fr\/index.php\/wp-json\/wp\/v2\/pages\/23"}],"collection":[{"href":"https:\/\/les-roseaux.fr\/index.php\/wp-json\/wp\/v2\/pages"}],"about":[{"href":"https:\/\/les-roseaux.fr\/index.php\/wp-json\/wp\/v2\/types\/page"}],"author":[{"embeddable":true,"href":"https:\/\/les-roseaux.fr\/index.php\/wp-json\/wp\/v2\/users\/2"}],"replies":[{"embeddable":true,"href":"https:\/\/les-roseaux.fr\/index.php\/wp-json\/wp\/v2\/comments?post=23"}],"version-history":[{"count":0,"href":"https:\/\/les-roseaux.fr\/index.php\/wp-json\/wp\/v2\/pages\/23\/revisions"}],"wp:attachment":[{"href":"https:\/\/les-roseaux.fr\/index.php\/wp-json\/wp\/v2\/media?parent=23"}],"curies":[{"name":"wp","href":"https:\/\/api.w.org\/{rel}","templated":true}]}}