{"id":137,"date":"2019-09-29T21:30:30","date_gmt":"2019-09-29T19:30:30","guid":{"rendered":"http:\/\/les-roseaux.fr\/?page_id=137"},"modified":"2019-10-02T15:13:14","modified_gmt":"2019-10-02T13:13:14","slug":"inscription-a-une-session","status":"publish","type":"page","link":"https:\/\/les-roseaux.fr\/index.php\/inscription-a-une-session\/","title":{"rendered":"Inscription \u00e0 une session"},"content":{"rendered":"\n\t<p>Pour participer \u00e0 une activit\u00e9, nous vous recommandons de passer par <a href=\"http:\/\/les-roseaux.fr\/index.php\/calendrier-de-lecole\/\">le calendrier<\/a>, de cliquer sur votre activit\u00e9 et de cliquer sur &#8220;Participer !&#8221;<\/p>\n<p>N\u00e9anmoins, si l&#8217;activit\u00e9 n&#8217;\u00e9tait pas dans le calendrier, vous pouvez vous inscrire directement en mettant les informations dans le formulaire ci-dessous.<\/p>\n\t<noscript class=\"ninja-forms-noscript-message\">\n\tRemarque\u00a0: JavaScript est requis pour ce contenu.<\/noscript>\n<div id=\"nf-form-2-cont\" class=\"nf-form-cont\" aria-live=\"polite\" aria-labelledby=\"nf-form-title-2\" aria-describedby=\"nf-form-errors-2\" role=\"form\">\n\n    <div class=\"nf-loading-spinner\"><\/div>\n\n<\/div>\n        <!-- That data is being printed as a workaround to page builders reordering the order of the scripts loaded-->\n        <script>var formDisplay=1;var nfForms=nfForms||[];var form=[];form.id='2';form.settings={\"objectType\":\"Form Setting\",\"editActive\":false,\"title\":\"Inscription \\u00e0 une activit\\u00e9\",\"show_title\":1,\"allow_public_link\":0,\"embed_form\":\"\",\"clear_complete\":1,\"hide_complete\":1,\"default_label_pos\":\"above\",\"wrapper_class\":\"\",\"element_class\":\"\",\"key\":\"\",\"add_submit\":0,\"currency\":\"\",\"unique_field_error\":\"Un formulaire avec cette valeur a d\\u00e9j\\u00e0 \\u00e9t\\u00e9 envoy\\u00e9.\",\"logged_in\":false,\"not_logged_in_msg\":\"\",\"sub_limit_msg\":\"Le formulaire a atteint sa limite d\\u2019entr\\u00e9es.\",\"calculations\":[],\"formContentData\":[\"activite_1570011614789\",\"date_et_heure_1569785051746\",\"event_1569785086708\",\"qui_s_inscrit_1569784698985\",\"un_petit_message_a_rajouter_1569784751594\",\"submit_1569784765943\"],\"repeatable_fieldsets\":\"\",\"ninjaForms\":\"Ninja Forms\",\"changeEmailErrorMsg\":\"Veuillez saisir une adresse de messagerie valide. Ex\\u00a0: jean.dupont@gmail.com\",\"changeDateErrorMsg\":\"Veuillez saisir une date valide\\u00a0!\",\"confirmFieldErrorMsg\":\"Ces champs doivent correspondre\\u00a0!\",\"fieldNumberNumMinError\":\"Erreur de nombre min.\",\"fieldNumberNumMaxError\":\"Erreur de nombre max.\",\"fieldNumberIncrementBy\":\"Veuillez incr\\u00e9menter par \",\"fieldTextareaRTEInsertLink\":\"Ins\\u00e9rer un lien\",\"fieldTextareaRTEInsertMedia\":\"Ins\\u00e9rer un m\\u00e9dia\",\"fieldTextareaRTESelectAFile\":\"S\\u00e9lectionnez un fichier\",\"formErrorsCorrectErrors\":\"Veuillez corriger les erreurs avant d\\u2019envoyer ce formulaire.\",\"formHoneypot\":\"Si vous \\u00eates un \\u00eatre humain et que vous voyez ce champ, veuillez le laisser vide.\",\"validateRequiredField\":\"Ce champ est obligatoire.\",\"honeypotHoneypotError\":\"Erreur Honeypot\",\"fileUploadOldCodeFileUploadInProgress\":\"T\\u00e9l\\u00e9versement du fichier en cours.\",\"fileUploadOldCodeFileUpload\":\"T\\u00c9L\\u00c9VERSEMENT DE FICHIER\",\"currencySymbol\":\"&euro;\",\"fieldsMarkedRequired\":\"Les champs marqu\\u00e9s d\\u2019un <span class=\\\"ninja-forms-req-symbol\\\">*<\\\/span> sont obligatoires\",\"thousands_sep\":\"\\u00a0\",\"decimal_point\":\",\",\"siteLocale\":\"fr_FR\",\"dateFormat\":\"d\\\/m\\\/Y\",\"startOfWeek\":\"1\",\"of\":\"sur\",\"previousMonth\":\"Mois pr\\u00e9c\\u00e9dent\",\"nextMonth\":\"Mois suivant\",\"months\":[\"Janvier\",\"F\\u00e9vrier\",\"Mars\",\"Avril\",\"Mai\",\"Juin\",\"Juillet\",\"Ao\\u00fbt\",\"Septembre\",\"Octobre\",\"Novembre\",\"D\\u00e9cembre\"],\"monthsShort\":[\"Jan\",\"F\\u00e9v\",\"Mar\",\"Avr\",\"Mai\",\"Juin\",\"Juil\",\"Ao\\u00fb\",\"Sep\",\"Oct\",\"Nov\",\"D\\u00e9c\"],\"weekdays\":[\"Dimanche\",\"Lundi\",\"Mardi\",\"Mercredi\",\"Jeudi\",\"Vendredi\",\"Samedi\"],\"weekdaysShort\":[\"Dim\",\"Lun\",\"Mar\",\"Mer\",\"Jeu\",\"Ven\",\"Sam\"],\"weekdaysMin\":[\"Di\",\"Lu\",\"Ma\",\"Me\",\"Je\",\"Ve\",\"Sa\"],\"recaptchaConsentMissing\":\"reCaptcha validation couldn&#039;t load.\",\"recaptchaMissingCookie\":\"reCaptcha v3 validation couldn&#039;t load the cookie needed to submit the form.\",\"recaptchaConsentEvent\":\"Accept reCaptcha cookies before sending the form.\",\"currency_symbol\":\"\",\"beforeForm\":\"\",\"beforeFields\":\"\",\"afterFields\":\"\",\"afterForm\":\"\"};form.fields=[{\"objectType\":\"Field\",\"objectDomain\":\"fields\",\"editActive\":false,\"order\":2,\"idAttribute\":\"id\",\"label\":\"Activit\\u00e9\",\"type\":\"textbox\",\"key\":\"activite_1570011614789\",\"label_pos\":\"above\",\"required\":false,\"default\":\"{querystring:activite}\",\"placeholder\":\"\",\"container_class\":\"\",\"element_class\":\"\",\"input_limit\":\"\",\"input_limit_type\":\"characters\",\"input_limit_msg\":\"Caract\\u00e8re(s) restant(s)\",\"manual_key\":false,\"admin_label\":\"\",\"help_text\":\"\",\"mask\":\"\",\"custom_mask\":\"\",\"custom_name_attribute\":\"\",\"personally_identifiable\":\"\",\"value\":\"\",\"drawerDisabled\":false,\"id\":13,\"beforeField\":\"\",\"afterField\":\"\",\"parentType\":\"textbox\",\"element_templates\":[\"textbox\",\"input\"],\"old_classname\":\"\",\"wrap_template\":\"wrap\"},{\"objectType\":\"Field\",\"objectDomain\":\"fields\",\"editActive\":false,\"order\":3,\"idAttribute\":\"id\",\"type\":\"textbox\",\"label\":\"Date et heure\",\"key\":\"date_et_heure_1569785051746\",\"label_pos\":\"above\",\"required\":false,\"default\":\"{querystring:date}\",\"placeholder\":\"\",\"container_class\":\"\",\"element_class\":\"\",\"input_limit\":\"\",\"input_limit_type\":\"characters\",\"input_limit_msg\":\"Caract\\u00e8re(s) restant(s)\",\"manual_key\":false,\"admin_label\":\"\",\"help_text\":\"\",\"mask\":\"\",\"custom_mask\":\"\",\"custom_name_attribute\":\"\",\"personally_identifiable\":\"\",\"value\":\"\",\"drawerDisabled\":false,\"id\":10,\"beforeField\":\"\",\"afterField\":\"\",\"parentType\":\"textbox\",\"element_templates\":[\"textbox\",\"input\"],\"old_classname\":\"\",\"wrap_template\":\"wrap\"},{\"objectType\":\"Field\",\"objectDomain\":\"fields\",\"editActive\":false,\"order\":4,\"idAttribute\":\"id\",\"label\":\"Event\",\"type\":\"hidden\",\"key\":\"event_1569785086708\",\"default\":\"{querystring:eventsource}\",\"admin_label\":\"\",\"drawerDisabled\":false,\"id\":11,\"beforeField\":\"\",\"afterField\":\"\",\"value\":\"\",\"label_pos\":\"above\",\"parentType\":\"hidden\",\"element_templates\":[\"hidden\",\"input\"],\"old_classname\":\"\",\"wrap_template\":\"wrap-no-label\"},{\"objectType\":\"Field\",\"objectDomain\":\"fields\",\"editActive\":false,\"order\":5,\"idAttribute\":\"id\",\"label\":\"Qui s'inscrit ?\",\"type\":\"textbox\",\"key\":\"qui_s_inscrit_1569784698985\",\"label_pos\":\"above\",\"required\":false,\"default\":\"{querystring:person}\",\"placeholder\":\"\",\"container_class\":\"\",\"element_class\":\"\",\"input_limit\":\"\",\"input_limit_type\":\"characters\",\"input_limit_msg\":\"Caract\\u00e8re(s) restant(s)\",\"manual_key\":false,\"admin_label\":\"\",\"help_text\":\"\",\"mask\":\"\",\"custom_mask\":\"\",\"custom_name_attribute\":\"\",\"personally_identifiable\":\"\",\"value\":\"\",\"drawerDisabled\":false,\"id\":7,\"beforeField\":\"\",\"afterField\":\"\",\"parentType\":\"textbox\",\"element_templates\":[\"textbox\",\"input\"],\"old_classname\":\"\",\"wrap_template\":\"wrap\"},{\"objectType\":\"Field\",\"objectDomain\":\"fields\",\"editActive\":false,\"order\":6,\"idAttribute\":\"id\",\"label\":\"Un petit message \\u00e0 rajouter ?\",\"type\":\"textarea\",\"key\":\"un_petit_message_a_rajouter_1569784751594\",\"label_pos\":\"above\",\"required\":false,\"default\":\"\",\"placeholder\":\"\",\"container_class\":\"\",\"element_class\":\"\",\"input_limit\":\"\",\"input_limit_type\":\"characters\",\"input_limit_msg\":\"Caract\\u00e8re(s) restant(s)\",\"manual_key\":false,\"admin_label\":\"\",\"help_text\":\"\",\"textarea_rte\":\"\",\"disable_rte_mobile\":\"\",\"textarea_media\":\"\",\"value\":\"\",\"drawerDisabled\":false,\"id\":8,\"beforeField\":\"\",\"afterField\":\"\",\"parentType\":\"textarea\",\"element_templates\":[\"textarea\",\"input\"],\"old_classname\":\"\",\"wrap_template\":\"wrap\"},{\"objectType\":\"Field\",\"objectDomain\":\"fields\",\"editActive\":false,\"order\":7,\"idAttribute\":\"id\",\"label\":\"Envoyer\",\"type\":\"submit\",\"processing_label\":\"En cours de traitement\",\"container_class\":\"\",\"element_class\":\"\",\"key\":\"submit_1569784765943\",\"id\":9,\"beforeField\":\"\",\"afterField\":\"\",\"value\":\"\",\"label_pos\":\"above\",\"parentType\":\"textbox\",\"element_templates\":[\"submit\",\"button\",\"input\"],\"old_classname\":\"\",\"wrap_template\":\"wrap-no-label\"}];nfForms.push(form);<\/script>\n        \n","protected":false},"excerpt":{"rendered":"<p>Pour participer \u00e0 une activit\u00e9, nous vous recommandons de passer par le calendrier, de cliquer sur votre activit\u00e9 et de cliquer sur &#8220;Participer !&#8221; N\u00e9anmoins, si l&#8217;activit\u00e9 n&#8217;\u00e9tait pas dans le calendrier, vous pouvez vous inscrire directement en mettant les informations dans le formulaire ci-dessous.<\/p>\n","protected":false},"author":2,"featured_media":0,"parent":0,"menu_order":0,"comment_status":"closed","ping_status":"closed","template":"","meta":{"_bbp_topic_count":0,"_bbp_reply_count":0,"_bbp_total_topic_count":0,"_bbp_total_reply_count":0,"_bbp_voice_count":0,"_bbp_anonymous_reply_count":0,"_bbp_topic_count_hidden":0,"_bbp_reply_count_hidden":0,"_bbp_forum_subforum_count":0,"footnotes":""},"yoast_head":"<!-- This site is optimized with the Yoast SEO plugin v23.5 - https:\/\/yoast.com\/wordpress\/plugins\/seo\/ -->\n<title>Inscription \u00e0 une session - Les Roseaux<\/title>\n<meta name=\"robots\" content=\"index, follow, max-snippet:-1, max-image-preview:large, max-video-preview:-1\" \/>\n<link rel=\"canonical\" href=\"https:\/\/les-roseaux.fr\/index.php\/inscription-a-une-session\/\" \/>\n<meta property=\"og:locale\" content=\"fr_FR\" \/>\n<meta property=\"og:type\" content=\"article\" \/>\n<meta property=\"og:title\" content=\"Inscription \u00e0 une session - Les Roseaux\" \/>\n<meta property=\"og:description\" content=\"Pour participer \u00e0 une activit\u00e9, nous vous recommandons de passer par le calendrier, de cliquer sur votre activit\u00e9 et de cliquer sur &#8220;Participer !&#8221; N\u00e9anmoins, si l&#8217;activit\u00e9 n&#8217;\u00e9tait pas dans le calendrier, vous pouvez vous inscrire directement en mettant les informations dans le formulaire ci-dessous.\" \/>\n<meta property=\"og:url\" content=\"https:\/\/les-roseaux.fr\/index.php\/inscription-a-une-session\/\" \/>\n<meta property=\"og:site_name\" content=\"Les Roseaux\" \/>\n<meta property=\"article:publisher\" content=\"https:\/\/www.facebook.com\/ecoleLesRoseaux\/\" \/>\n<meta property=\"article:modified_time\" content=\"2019-10-02T13:13:14+00:00\" \/>\n<meta property=\"og:image\" content=\"https:\/\/les-roseaux.fr\/wp-content\/uploads\/2019\/09\/Roseaux_600_300.png\" \/>\n\t<meta property=\"og:image:width\" content=\"600\" \/>\n\t<meta property=\"og:image:height\" content=\"300\" \/>\n\t<meta property=\"og:image:type\" content=\"image\/png\" \/>\n<meta name=\"twitter:card\" content=\"summary_large_image\" \/>\n<script type=\"application\/ld+json\" class=\"yoast-schema-graph\">{\"@context\":\"https:\/\/schema.org\",\"@graph\":[{\"@type\":\"WebPage\",\"@id\":\"https:\/\/les-roseaux.fr\/index.php\/inscription-a-une-session\/\",\"url\":\"https:\/\/les-roseaux.fr\/index.php\/inscription-a-une-session\/\",\"name\":\"Inscription \u00e0 une session - Les Roseaux\",\"isPartOf\":{\"@id\":\"https:\/\/les-roseaux.fr\/#website\"},\"datePublished\":\"2019-09-29T19:30:30+00:00\",\"dateModified\":\"2019-10-02T13:13:14+00:00\",\"breadcrumb\":{\"@id\":\"https:\/\/les-roseaux.fr\/index.php\/inscription-a-une-session\/#breadcrumb\"},\"inLanguage\":\"fr-FR\",\"potentialAction\":[{\"@type\":\"ReadAction\",\"target\":[\"https:\/\/les-roseaux.fr\/index.php\/inscription-a-une-session\/\"]}]},{\"@type\":\"BreadcrumbList\",\"@id\":\"https:\/\/les-roseaux.fr\/index.php\/inscription-a-une-session\/#breadcrumb\",\"itemListElement\":[{\"@type\":\"ListItem\",\"position\":1,\"name\":\"Accueil\",\"item\":\"https:\/\/les-roseaux.fr\/\"},{\"@type\":\"ListItem\",\"position\":2,\"name\":\"Inscription \u00e0 une session\"}]},{\"@type\":\"WebSite\",\"@id\":\"https:\/\/les-roseaux.fr\/#website\",\"url\":\"https:\/\/les-roseaux.fr\/\",\"name\":\"Les Roseaux\",\"description\":\"Ecole alternative d&#039;inspiration Montessori\",\"publisher\":{\"@id\":\"https:\/\/les-roseaux.fr\/#organization\"},\"potentialAction\":[{\"@type\":\"SearchAction\",\"target\":{\"@type\":\"EntryPoint\",\"urlTemplate\":\"https:\/\/les-roseaux.fr\/?s={search_term_string}\"},\"query-input\":{\"@type\":\"PropertyValueSpecification\",\"valueRequired\":true,\"valueName\":\"search_term_string\"}}],\"inLanguage\":\"fr-FR\"},{\"@type\":\"Organization\",\"@id\":\"https:\/\/les-roseaux.fr\/#organization\",\"name\":\"Les roseaux\",\"url\":\"https:\/\/les-roseaux.fr\/\",\"logo\":{\"@type\":\"ImageObject\",\"inLanguage\":\"fr-FR\",\"@id\":\"https:\/\/les-roseaux.fr\/#\/schema\/logo\/image\/\",\"url\":\"http:\/\/les-roseaux.fr\/wp-content\/uploads\/2024\/01\/logo.png\",\"contentUrl\":\"http:\/\/les-roseaux.fr\/wp-content\/uploads\/2024\/01\/logo.png\",\"width\":768,\"height\":388,\"caption\":\"Les roseaux\"},\"image\":{\"@id\":\"https:\/\/les-roseaux.fr\/#\/schema\/logo\/image\/\"},\"sameAs\":[\"https:\/\/www.facebook.com\/ecoleLesRoseaux\/\",\"https:\/\/www.instagram.com\/ecole_les_roseaux\"]}]}<\/script>\n<!-- \/ Yoast SEO plugin. -->","yoast_head_json":{"title":"Inscription \u00e0 une session - Les Roseaux","robots":{"index":"index","follow":"follow","max-snippet":"max-snippet:-1","max-image-preview":"max-image-preview:large","max-video-preview":"max-video-preview:-1"},"canonical":"https:\/\/les-roseaux.fr\/index.php\/inscription-a-une-session\/","og_locale":"fr_FR","og_type":"article","og_title":"Inscription \u00e0 une session - Les Roseaux","og_description":"Pour participer \u00e0 une activit\u00e9, nous vous recommandons de passer par le calendrier, de cliquer sur votre activit\u00e9 et de cliquer sur &#8220;Participer !&#8221; N\u00e9anmoins, si l&#8217;activit\u00e9 n&#8217;\u00e9tait pas dans le calendrier, vous pouvez vous inscrire directement en mettant les informations dans le formulaire ci-dessous.","og_url":"https:\/\/les-roseaux.fr\/index.php\/inscription-a-une-session\/","og_site_name":"Les Roseaux","article_publisher":"https:\/\/www.facebook.com\/ecoleLesRoseaux\/","article_modified_time":"2019-10-02T13:13:14+00:00","og_image":[{"width":600,"height":300,"url":"https:\/\/les-roseaux.fr\/wp-content\/uploads\/2019\/09\/Roseaux_600_300.png","type":"image\/png"}],"twitter_card":"summary_large_image","schema":{"@context":"https:\/\/schema.org","@graph":[{"@type":"WebPage","@id":"https:\/\/les-roseaux.fr\/index.php\/inscription-a-une-session\/","url":"https:\/\/les-roseaux.fr\/index.php\/inscription-a-une-session\/","name":"Inscription \u00e0 une session - Les Roseaux","isPartOf":{"@id":"https:\/\/les-roseaux.fr\/#website"},"datePublished":"2019-09-29T19:30:30+00:00","dateModified":"2019-10-02T13:13:14+00:00","breadcrumb":{"@id":"https:\/\/les-roseaux.fr\/index.php\/inscription-a-une-session\/#breadcrumb"},"inLanguage":"fr-FR","potentialAction":[{"@type":"ReadAction","target":["https:\/\/les-roseaux.fr\/index.php\/inscription-a-une-session\/"]}]},{"@type":"BreadcrumbList","@id":"https:\/\/les-roseaux.fr\/index.php\/inscription-a-une-session\/#breadcrumb","itemListElement":[{"@type":"ListItem","position":1,"name":"Accueil","item":"https:\/\/les-roseaux.fr\/"},{"@type":"ListItem","position":2,"name":"Inscription \u00e0 une session"}]},{"@type":"WebSite","@id":"https:\/\/les-roseaux.fr\/#website","url":"https:\/\/les-roseaux.fr\/","name":"Les Roseaux","description":"Ecole alternative d&#039;inspiration Montessori","publisher":{"@id":"https:\/\/les-roseaux.fr\/#organization"},"potentialAction":[{"@type":"SearchAction","target":{"@type":"EntryPoint","urlTemplate":"https:\/\/les-roseaux.fr\/?s={search_term_string}"},"query-input":{"@type":"PropertyValueSpecification","valueRequired":true,"valueName":"search_term_string"}}],"inLanguage":"fr-FR"},{"@type":"Organization","@id":"https:\/\/les-roseaux.fr\/#organization","name":"Les roseaux","url":"https:\/\/les-roseaux.fr\/","logo":{"@type":"ImageObject","inLanguage":"fr-FR","@id":"https:\/\/les-roseaux.fr\/#\/schema\/logo\/image\/","url":"http:\/\/les-roseaux.fr\/wp-content\/uploads\/2024\/01\/logo.png","contentUrl":"http:\/\/les-roseaux.fr\/wp-content\/uploads\/2024\/01\/logo.png","width":768,"height":388,"caption":"Les roseaux"},"image":{"@id":"https:\/\/les-roseaux.fr\/#\/schema\/logo\/image\/"},"sameAs":["https:\/\/www.facebook.com\/ecoleLesRoseaux\/","https:\/\/www.instagram.com\/ecole_les_roseaux"]}]}},"_links":{"self":[{"href":"https:\/\/les-roseaux.fr\/index.php\/wp-json\/wp\/v2\/pages\/137"}],"collection":[{"href":"https:\/\/les-roseaux.fr\/index.php\/wp-json\/wp\/v2\/pages"}],"about":[{"href":"https:\/\/les-roseaux.fr\/index.php\/wp-json\/wp\/v2\/types\/page"}],"author":[{"embeddable":true,"href":"https:\/\/les-roseaux.fr\/index.php\/wp-json\/wp\/v2\/users\/2"}],"replies":[{"embeddable":true,"href":"https:\/\/les-roseaux.fr\/index.php\/wp-json\/wp\/v2\/comments?post=137"}],"version-history":[{"count":3,"href":"https:\/\/les-roseaux.fr\/index.php\/wp-json\/wp\/v2\/pages\/137\/revisions"}],"predecessor-version":[{"id":223,"href":"https:\/\/les-roseaux.fr\/index.php\/wp-json\/wp\/v2\/pages\/137\/revisions\/223"}],"wp:attachment":[{"href":"https:\/\/les-roseaux.fr\/index.php\/wp-json\/wp\/v2\/media?parent=137"}],"curies":[{"name":"wp","href":"https:\/\/api.w.org\/{rel}","templated":true}]}}